{"id":369,"date":"2026-03-31T23:55:38","date_gmt":"2026-03-31T21:55:38","guid":{"rendered":"https:\/\/casaerl.it\/?page_id=369"},"modified":"2026-04-06T18:43:21","modified_gmt":"2026-04-06T16:43:21","slug":"benvenuti-porto-santo-stefano-una-perla-nel-blu","status":"publish","type":"page","link":"https:\/\/casaerl.it\/index.php\/benvenuti-porto-santo-stefano-una-perla-nel-blu\/","title":{"rendered":"Benvenuti a Porto Santo Stefano"},"content":{"rendered":"<p>[et_pb_section fb_built=&#8221;1&#8243; fullwidth=&#8221;on&#8221; _builder_version=&#8221;4.27.4&#8243; _module_preset=&#8221;default&#8221; global_colors_info=&#8221;{}&#8221;][et_pb_fullwidth_slider _builder_version=&#8221;4.27.6&#8243; _module_preset=&#8221;default&#8221; custom_button=&#8221;on&#8221; button_text_size=&#8221;26px&#8221; button_border_radius=&#8221;39px&#8221; button_font=&#8221;Aboreto||||||||&#8221; button_alignment=&#8221;center&#8221; custom_padding=&#8221;214px|||||&#8221; animation_style=&#8221;slide&#8221; auto=&#8221;on&#8221; auto_speed=&#8221;8000&#8243; auto_ignore_hover=&#8221;on&#8221; hover_enabled=&#8221;0&#8243; global_colors_info=&#8221;{}&#8221; sticky_enabled=&#8221;0&#8243;][et_pb_slide heading=&#8221;La nostra vista sull&#8217;Argentario&#8221; button_link=&#8221;https:\/\/casaerl.it\/index.php\/cosa-fare-nei-dintorni\/&#8221; _builder_version=&#8221;4.27.6&#8243; _module_preset=&#8221;default&#8221; header_font=&#8221;Adamina||||||||&#8221; background_image=&#8221;https:\/\/casaerl.it\/wp-content\/uploads\/2025\/05\/20250315_180742-scaled.jpg&#8221; background_enable_image=&#8221;on&#8221; custom_button=&#8221;on&#8221; button_text_size=&#8221;23px&#8221; button_text_color=&#8221;#FFFFFF&#8221; button_border_width=&#8221;2px&#8221; button_border_radius=&#8221;32px&#8221; button_font=&#8221;Adamina||||||||&#8221; button_use_icon=&#8221;off&#8221; text_orientation=&#8221;center&#8221; global_colors_info=&#8221;{}&#8221; sticky_transition=&#8221;on&#8221;][\/et_pb_slide][et_pb_slide heading=&#8221;Il Lungomare&#8221; button_link=&#8221;https:\/\/casaerl.it\/index.php\/cosa-fare-nei-dintorni\/&#8221; _builder_version=&#8221;4.27.6&#8243; _module_preset=&#8221;default&#8221; header_font=&#8221;Adamina||||||||&#8221; background_image=&#8221;https:\/\/casaerl.it\/wp-content\/uploads\/2025\/05\/lungomare-1.jpg&#8221; background_enable_image=&#8221;on&#8221; parallax=&#8221;on&#8221; text_orientation=&#8221;center&#8221; global_colors_info=&#8221;{}&#8221; sticky_transition=&#8221;on&#8221;][\/et_pb_slide][et_pb_slide heading=&#8221; Le cale all&#8217;Argentario&#8221; button_link=&#8221;https:\/\/casaerl.it\/index.php\/cosa-fare-nei-dintorni\/&#8221; _builder_version=&#8221;4.27.6&#8243; _module_preset=&#8221;default&#8221; header_font=&#8221;Adamina||||||||&#8221; background_image=&#8221;https:\/\/casaerl.it\/wp-content\/uploads\/2025\/05\/IMG-20220617-WA0022-1.jpg&#8221; background_enable_image=&#8221;on&#8221; background_position=&#8221;top_center&#8221; text_orientation=&#8221;center&#8221; global_colors_info=&#8221;{}&#8221; sticky_transition=&#8221;on&#8221;][\/et_pb_slide][et_pb_slide heading=&#8221;Il Palio Marinaro&#8221; _builder_version=&#8221;4.27.6&#8243; _module_preset=&#8221;default&#8221; header_font=&#8221;Adamina||||||||&#8221; background_image=&#8221;https:\/\/casaerl.it\/wp-content\/uploads\/2026\/03\/GozziPalio.jpeg&#8221; background_enable_image=&#8221;on&#8221; max_width=&#8221;200%&#8221; global_colors_info=&#8221;{}&#8221; sticky_transition=&#8221;on&#8221;][\/et_pb_slide][\/et_pb_fullwidth_slider][\/et_pb_section][et_pb_section fb_built=&#8221;1&#8243; admin_label=&#8221;About&#8221; _builder_version=&#8221;4.25.1&#8243; _module_preset=&#8221;default&#8221; min_height=&#8221;618px&#8221; collapsed=&#8221;on&#8221; global_colors_info=&#8221;{}&#8221;][et_pb_row column_structure=&#8221;1_2,1_2&#8243; _builder_version=&#8221;4.25.1&#8243; _module_preset=&#8221;default&#8221; global_colors_info=&#8221;{}&#8221;][et_pb_column type=&#8221;1_2&#8243; _builder_version=&#8221;4.27.6&#8243; _module_preset=&#8221;default&#8221; global_colors_info=&#8221;{}&#8221;][\/et_pb_column][et_pb_column type=&#8221;1_2&#8243; _builder_version=&#8221;4.25.1&#8243; _module_preset=&#8221;default&#8221; global_colors_info=&#8221;{}&#8221;][et_pb_heading title=&#8221;Benvenuti a Porto Santo Stefano %22una perla nel blu%22&#8243; _builder_version=&#8221;4.25.1&#8243; _module_preset=&#8221;c33f07d9-41e0-421a-8799-5799df695cce&#8221; title_level=&#8221;h2&#8243; title_font=&#8221;Cormorant Garamond|Cormorant Garamond_weight|||||||&#8221; title_text_color=&#8221;#0e0c19&#8243; title_font_size=&#8221;50px&#8221; title_line_height=&#8221;1.2em&#8221; custom_margin=&#8221;||10px|-528px|false|false&#8221; title_font_size_tablet=&#8221;28px&#8221; title_font_size_phone=&#8221;20px&#8221; title_font_size_last_edited=&#8221;on|phone&#8221; global_colors_info=&#8221;{}&#8221;][\/et_pb_heading][et_pb_heading _builder_version=&#8221;4.25.1&#8243; _module_preset=&#8221;c33f07d9-41e0-421a-8799-5799df695cce&#8221; title_level=&#8221;h2&#8243; title_font=&#8221;Cormorant Garamond|Cormorant Garamond_weight|||||||&#8221; title_text_color=&#8221;#0e0c19&#8243; title_font_size=&#8221;50px&#8221; title_line_height=&#8221;1.2em&#8221; custom_margin=&#8221;||10px||false|false&#8221; title_font_size_tablet=&#8221;28px&#8221; title_font_size_phone=&#8221;20px&#8221; title_font_size_last_edited=&#8221;on|phone&#8221; global_colors_info=&#8221;{}&#8221;][\/et_pb_heading][\/et_pb_column][\/et_pb_row][et_pb_row _builder_version=&#8221;4.27.6&#8243; _module_preset=&#8221;default&#8221; width=&#8221;79.8%&#8221; global_colors_info=&#8221;{}&#8221;][et_pb_column type=&#8221;4_4&#8243; _builder_version=&#8221;4.27.6&#8243; _module_preset=&#8221;default&#8221; global_colors_info=&#8221;{}&#8221;][et_pb_blurb icon_alignment=&#8221;left&#8221; content_max_width=&#8221;100%&#8221; title_tablet=&#8221;&#8221; title_phone=&#8221;&#8221; title_last_edited=&#8221;on|desktop&#8221; _builder_version=&#8221;4.27.6&#8243; _module_preset=&#8221;203c76fc-aee0-4484-9be1-f0e2ebd81a8f&#8221; header_font=&#8221;Cormorant Garamond|Cormorant Garamond_weight|||||||&#8221; header_text_color=&#8221;#0e0c19&#8243; header_font_size=&#8221;18px&#8221; header_line_height=&#8221;1.4em&#8221; body_font=&#8221;Proza Libre|Proza Libre_weight|||||||&#8221; body_text_color=&#8221;#3c3a47&#8243; body_font_size=&#8221;16px&#8221; body_line_height=&#8221;1.75em&#8221; body_link_text_color=&#8221;#22577a&#8221; image_icon_custom_margin=&#8221;||||false|false&#8221; image_icon_custom_padding=&#8221;||||false|false&#8221; animation=&#8221;off&#8221; header_font_size_tablet=&#8221;15px&#8221; header_font_size_phone=&#8221;13px&#8221; header_font_size_last_edited=&#8221;on|phone&#8221; body_font_size_tablet=&#8221;15px&#8221; body_font_size_phone=&#8221;14px&#8221; body_font_size_last_edited=&#8221;on|desktop&#8221; border_radii_image=&#8221;on|6px|6px|6px|6px&#8221; locked=&#8221;off&#8221; global_colors_info=&#8221;{}&#8221;]<\/p>\n<p style=\"text-align: justify;\">Un luogo tra mare, natura e tradizione. Vivere o soggiornare a Porto Santo Stefano significa immergersi in un ambiente dove il mare \u00e8 protagonista, ma senza rinunciare al comfort e ai servizi. La combinazione tra paesaggi incontaminati, storia locale e qualit\u00e0 della vita rende questa localit\u00e0 una delle pi\u00f9 apprezzate dell\u2019Argentario.<\/p>\n<p>[\/et_pb_blurb][\/et_pb_column][\/et_pb_row][et_pb_row column_structure=&#8221;1_2,1_2&#8243; _builder_version=&#8221;4.25.1&#8243; _module_preset=&#8221;default&#8221; global_colors_info=&#8221;{}&#8221;][et_pb_column type=&#8221;1_2&#8243; _builder_version=&#8221;4.25.1&#8243; _module_preset=&#8221;default&#8221; global_colors_info=&#8221;{}&#8221;][et_pb_text quote_border_color=&#8221;#57cc99&#8243; _builder_version=&#8221;4.25.1&#8243; _module_preset=&#8221;2c55a9c4-feed-423b-9edb-ae0b5b365cac&#8221; text_font=&#8221;Proza Libre|Proza Libre_weight|||||||&#8221; text_text_color=&#8221;#3c3a47&#8243; text_font_size=&#8221;16px&#8221; text_line_height=&#8221;1.75em&#8221; link_font=&#8221;|Proza Libre_weight|||||||&#8221; link_text_color=&#8221;#22577a&#8221; quote_font=&#8221;Cormorant Garamond|Cormorant Garamond_weight|||||||&#8221; quote_text_color=&#8221;#0e0c19&#8243; header_font=&#8221;Cormorant Garamond|Cormorant Garamond_weight|||||||&#8221; header_text_color=&#8221;#0e0c19&#8243; header_font_size=&#8221;72px&#8221; header_line_height=&#8221;1.15em&#8221; header_2_font=&#8221;Cormorant Garamond|Cormorant Garamond_weight|||||||&#8221; header_2_text_color=&#8221;#0e0c19&#8243; header_2_font_size=&#8221;50px&#8221; header_2_line_height=&#8221;1.2em&#8221; header_3_font=&#8221;Cormorant Garamond|Cormorant Garamond_weight|||||||&#8221; header_3_text_color=&#8221;#0e0c19&#8243; header_3_font_size=&#8221;32px&#8221; header_3_line_height=&#8221;1.3em&#8221; header_4_font=&#8221;Cormorant Garamond|Cormorant Garamond_weight|||||||&#8221; header_4_text_color=&#8221;#0e0c19&#8243; header_4_font_size=&#8221;24px&#8221; header_4_line_height=&#8221;1.4em&#8221; header_5_font=&#8221;Cormorant Garamond|Cormorant Garamond_weight|||||||&#8221; header_5_text_color=&#8221;#0e0c19&#8243; header_5_font_size=&#8221;18px&#8221; header_5_line_height=&#8221;1.4em&#8221; header_6_font=&#8221;Cormorant Garamond|Cormorant Garamond_weight|||||||&#8221; header_6_text_color=&#8221;#0e0c19&#8243; header_6_line_height=&#8221;1.5em&#8221; custom_margin=&#8221;||||false|false&#8221; text_font_size_tablet=&#8221;15px&#8221; text_font_size_phone=&#8221;14px&#8221; text_font_size_last_edited=&#8221;on|phone&#8221; header_font_size_tablet=&#8221;40px&#8221; header_font_size_phone=&#8221;24px&#8221; header_font_size_last_edited=&#8221;on|desktop&#8221; header_2_font_size_tablet=&#8221;28px&#8221; header_2_font_size_phone=&#8221;20px&#8221; header_2_font_size_last_edited=&#8221;on|phone&#8221; header_3_font_size_tablet=&#8221;22px&#8221; header_3_font_size_phone=&#8221;17px&#8221; header_3_font_size_last_edited=&#8221;on|phone&#8221; header_4_font_size_tablet=&#8221;18px&#8221; header_4_font_size_phone=&#8221;15px&#8221; header_4_font_size_last_edited=&#8221;on|tablet&#8221; header_5_font_size_tablet=&#8221;15px&#8221; header_5_font_size_phone=&#8221;14px&#8221; header_5_font_size_last_edited=&#8221;on|desktop&#8221; header_6_font_size_tablet=&#8221;13px&#8221; header_6_font_size_phone=&#8221;13px&#8221; header_6_font_size_last_edited=&#8221;on|desktop&#8221; global_colors_info=&#8221;{}&#8221;]<\/p>\n<p data-start=\"114\" data-end=\"560\" style=\"text-align: justify;\"><strong>Porto Santo Stefano: il cuore dell\u2019Argentario<\/strong><\/p>\n<p data-start=\"114\" data-end=\"560\" style=\"text-align: justify;\">Situato sulla costa nord-occidentale del promontorio del <span class=\"hover:entity-accent entity-underline inline cursor-pointer align-baseline\"><span class=\"whitespace-normal\">Monte Argentario<\/span><\/span>, <span class=\"hover:entity-accent entity-underline inline cursor-pointer align-baseline\"><span class=\"whitespace-normal\">Porto Santo Stefano<\/span><\/span> \u00e8 un affascinante borgo marinaro che unisce tradizione, bellezza paesaggistica e servizi moderni. Affacciato su un porto naturale tra i pi\u00f9 suggestivi della <span class=\"hover:entity-accent entity-underline inline cursor-pointer align-baseline\"><span class=\"whitespace-normal\">Toscana<\/span><\/span>, rappresenta una meta ideale sia per il turismo estivo che per chi desidera vivere tutto l\u2019anno in un contesto unico.<\/p>\n<p data-start=\"562\" data-end=\"956\" style=\"text-align: justify;\">Il paese si sviluppa intorno al suo porto, cuore pulsante della vita locale, dove convivono attivit\u00e0 di pesca, nautica da diporto e collegamenti marittimi con le isole dell\u2019arcipelago. Da qui partono infatti i traghetti per l\u2019<span class=\"hover:entity-accent entity-underline inline cursor-pointer align-baseline\"><span class=\"whitespace-normal\">Isola del Giglio<\/span><\/span> e <span class=\"hover:entity-accent entity-underline inline cursor-pointer align-baseline\"><span class=\"whitespace-normal\">Giannutri<\/span><\/span>, rendendo Porto Santo Stefano un punto strategico per esplorare il territorio circostante.<\/p>\n<p data-start=\"958\" data-end=\"1314\" style=\"text-align: justify;\">Dal punto di vista paesaggistico, il borgo offre panorami spettacolari, con calette, scogliere e spiagge che si alternano lungo la costa dell\u2019Argentario. Le acque cristalline e i fondali ricchi attirano appassionati di snorkeling, immersioni e sport nautici, mentre le colline circostanti regalano percorsi ideali per escursioni e attivit\u00e0 all\u2019aria aperta.<\/p>\n<p style=\"text-align: justify;\">\n<p>[\/et_pb_text][\/et_pb_column][et_pb_column type=&#8221;1_2&#8243; _builder_version=&#8221;4.25.1&#8243; _module_preset=&#8221;default&#8221; global_colors_info=&#8221;{}&#8221;][et_pb_text quote_border_color=&#8221;#57cc99&#8243; _builder_version=&#8221;4.27.6&#8243; _module_preset=&#8221;2c55a9c4-feed-423b-9edb-ae0b5b365cac&#8221; text_font=&#8221;Proza Libre|Proza Libre_weight|||||||&#8221; text_text_color=&#8221;#3c3a47&#8243; text_font_size=&#8221;16px&#8221; text_line_height=&#8221;1.75em&#8221; link_font=&#8221;|Proza Libre_weight|||||||&#8221; link_text_color=&#8221;#22577a&#8221; quote_font=&#8221;Cormorant Garamond|Cormorant Garamond_weight|||||||&#8221; quote_text_color=&#8221;#0e0c19&#8243; header_font=&#8221;Cormorant Garamond|Cormorant Garamond_weight|||||||&#8221; header_text_color=&#8221;#0e0c19&#8243; header_font_size=&#8221;72px&#8221; header_line_height=&#8221;1.15em&#8221; header_2_font=&#8221;Cormorant Garamond|Cormorant Garamond_weight|||||||&#8221; header_2_text_color=&#8221;#0e0c19&#8243; header_2_font_size=&#8221;50px&#8221; header_2_line_height=&#8221;1.2em&#8221; header_3_font=&#8221;Cormorant Garamond|Cormorant Garamond_weight|||||||&#8221; header_3_text_color=&#8221;#0e0c19&#8243; header_3_font_size=&#8221;32px&#8221; header_3_line_height=&#8221;1.3em&#8221; header_4_font=&#8221;Cormorant Garamond|Cormorant Garamond_weight|||||||&#8221; header_4_text_color=&#8221;#0e0c19&#8243; header_4_font_size=&#8221;24px&#8221; header_4_line_height=&#8221;1.4em&#8221; header_5_font=&#8221;Cormorant Garamond|Cormorant Garamond_weight|||||||&#8221; header_5_text_color=&#8221;#0e0c19&#8243; header_5_font_size=&#8221;18px&#8221; header_5_line_height=&#8221;1.4em&#8221; header_6_font=&#8221;Cormorant Garamond|Cormorant Garamond_weight|||||||&#8221; header_6_text_color=&#8221;#0e0c19&#8243; header_6_line_height=&#8221;1.5em&#8221; custom_margin=&#8221;||||false|false&#8221; text_font_size_tablet=&#8221;15px&#8221; text_font_size_phone=&#8221;14px&#8221; text_font_size_last_edited=&#8221;on|phone&#8221; header_font_size_tablet=&#8221;40px&#8221; header_font_size_phone=&#8221;24px&#8221; header_font_size_last_edited=&#8221;on|desktop&#8221; header_2_font_size_tablet=&#8221;28px&#8221; header_2_font_size_phone=&#8221;20px&#8221; header_2_font_size_last_edited=&#8221;on|phone&#8221; header_3_font_size_tablet=&#8221;22px&#8221; header_3_font_size_phone=&#8221;17px&#8221; header_3_font_size_last_edited=&#8221;on|phone&#8221; header_4_font_size_tablet=&#8221;18px&#8221; header_4_font_size_phone=&#8221;15px&#8221; header_4_font_size_last_edited=&#8221;on|tablet&#8221; header_5_font_size_tablet=&#8221;15px&#8221; header_5_font_size_phone=&#8221;14px&#8221; header_5_font_size_last_edited=&#8221;on|desktop&#8221; header_6_font_size_tablet=&#8221;13px&#8221; header_6_font_size_phone=&#8221;13px&#8221; header_6_font_size_last_edited=&#8221;on|desktop&#8221; locked=&#8221;off&#8221; global_colors_info=&#8221;{}&#8221;]<\/p>\n<p style=\"text-align: justify;\"><strong>Servizi e qualit\u00e0 della vita:<\/strong><\/p>\n<p data-start=\"1354\" data-end=\"1461\" style=\"text-align: justify;\">Porto Santo Stefano dispone di un\u2019ampia gamma di servizi che lo rendono una localit\u00e0 vivibile e funzionale:<\/p>\n<ul data-start=\"1463\" data-end=\"1884\" style=\"text-align: justify;\">\n<li data-section-id=\"1hj46fm\" data-start=\"1463\" data-end=\"1540\">Strutture ricettive di vario livello, tra hotel, residence e case vacanza;<\/li>\n<li data-section-id=\"1vw40qw\" data-start=\"1541\" data-end=\"1624\">Ristoranti e locali tipici, con una forte tradizione legata alla cucina di mare;<\/li>\n<li data-section-id=\"yslqkh\" data-start=\"1625\" data-end=\"1692\">Negozi, supermercati e attivit\u00e0 commerciali aperte tutto l\u2019anno;<\/li>\n<li data-section-id=\"7ku6cq\" data-start=\"1693\" data-end=\"1741\">Porto turistico attrezzato e servizi nautici;<\/li>\n<li data-section-id=\"1weqly1\" data-start=\"1742\" data-end=\"1822\">Collegamenti efficienti via mare e via terra con le principali citt\u00e0 toscane;<\/li>\n<li data-section-id=\"1pjqqy8\" data-start=\"1823\" data-end=\"1884\">Servizi sanitari, scuole e infrastrutture per i residenti;<\/li>\n<\/ul>\n<p data-start=\"1886\" data-end=\"2059\" style=\"text-align: justify;\">Il paese \u00e8 inoltre noto per eventi tradizionali, come il &#8220;<a href=\"https:\/\/www.palioargentario.it\/gallery\/\">PALIO MARINARO<\/a>&#8221; e manifestazioni culturali che animano soprattutto il periodo estivo, contribuendo a creare un\u2019atmosfera vivace ma autentica.<\/p>\n<p data-start=\"2109\" data-end=\"2404\">\n<p>[\/et_pb_text][et_pb_blurb icon_alignment=&#8221;left&#8221; content_max_width=&#8221;100%&#8221; _builder_version=&#8221;4.27.4&#8243; _module_preset=&#8221;203c76fc-aee0-4484-9be1-f0e2ebd81a8f&#8221; header_font=&#8221;Cormorant Garamond|Cormorant Garamond_weight|||||||&#8221; header_text_color=&#8221;#0e0c19&#8243; header_font_size=&#8221;18px&#8221; header_line_height=&#8221;1.4em&#8221; body_font=&#8221;Proza Libre|Proza Libre_weight|||||||&#8221; body_text_color=&#8221;#3c3a47&#8243; body_font_size=&#8221;16px&#8221; body_line_height=&#8221;1.75em&#8221; body_link_text_color=&#8221;#22577a&#8221; image_icon_custom_margin=&#8221;||||false|false&#8221; image_icon_custom_padding=&#8221;||||false|false&#8221; animation=&#8221;off&#8221; header_font_size_tablet=&#8221;15px&#8221; header_font_size_phone=&#8221;13px&#8221; header_font_size_last_edited=&#8221;on|phone&#8221; body_font_size_tablet=&#8221;15px&#8221; body_font_size_phone=&#8221;14px&#8221; body_font_size_last_edited=&#8221;on|desktop&#8221; border_radii_image=&#8221;on|6px|6px|6px|6px&#8221; locked=&#8221;off&#8221; global_colors_info=&#8221;{}&#8221;][\/et_pb_blurb][\/et_pb_column][\/et_pb_row][\/et_pb_section][et_pb_section fb_built=&#8221;1&#8243; _builder_version=&#8221;4.27.4&#8243; _module_preset=&#8221;default&#8221; global_colors_info=&#8221;{}&#8221;][et_pb_row _builder_version=&#8221;4.27.4&#8243; _module_preset=&#8221;default&#8221; global_colors_info=&#8221;{}&#8221;][et_pb_column type=&#8221;4_4&#8243; _builder_version=&#8221;4.27.4&#8243; _module_preset=&#8221;default&#8221; global_colors_info=&#8221;{}&#8221;][et_pb_image src=&#8221;https:\/\/casaerl.it\/wp-content\/uploads\/2026\/03\/Home.jpg&#8221; title_text=&#8221;Home&#8221; _builder_version=&#8221;4.27.6&#8243; _module_preset=&#8221;default&#8221; global_colors_info=&#8221;{}&#8221;][\/et_pb_image][\/et_pb_column][\/et_pb_row][\/et_pb_section]<\/p>\n","protected":false},"excerpt":{"rendered":"<p>Un luogo tra mare, natura e tradizione. Vivere o soggiornare a Porto Santo Stefano significa immergersi in un ambiente dove il mare \u00e8 protagonista, ma senza rinunciare al comfort e ai servizi. La combinazione tra paesaggi incontaminati, storia locale e qualit\u00e0 della vita rende questa localit\u00e0 una delle pi\u00f9 apprezzate dell\u2019Argentario.Porto Santo Stefano: il cuore [&hellip;]<\/p>\n","protected":false},"author":1,"featured_media":0,"parent":0,"menu_order":0,"comment_status":"closed","ping_status":"closed","template":"","meta":{"_et_pb_use_builder":"on","_et_pb_old_content":"<!-- wp:cover {\"url\":\"http:\/\/casaerl.it\/wp-content\/uploads\/2025\/05\/IMG-20240504-WA0005-768x1024.jpg\",\"id\":48,\"dimRatio\":10,\"customOverlayColor\":\"#5f7fa9\",\"isUserOverlayColor\":false,\"minHeight\":100,\"minHeightUnit\":\"vh\",\"sizeSlug\":\"large\",\"metadata\":{\"categories\":[\"twentytwentyfive_page\",\"featured\"],\"patternName\":\"twentytwentyfive\/page-coming-soon\",\"name\":\"Prossimamente\"},\"align\":\"full\",\"style\":{\"elements\":{\"link\":{\"color\":{\"text\":\"var:preset|color|accent-1\"}},\"heading\":{\"color\":{\"text\":\"var:preset|color|accent-1\"}}},\"spacing\":{\"padding\":{\"right\":\"var:preset|spacing|50\",\"left\":\"var:preset|spacing|50\",\"top\":\"200px\",\"bottom\":\"200px\"},\"margin\":{\"top\":\"0\",\"bottom\":\"0\"},\"blockGap\":\"var:preset|spacing|40\"}},\"textColor\":\"accent-1\",\"layout\":{\"type\":\"constrained\"}} -->\n<div class=\"wp-block-cover alignfull has-accent-1-color has-text-color has-link-color\" style=\"margin-top:0;margin-bottom:0;padding-top:200px;padding-right:var(--wp--preset--spacing--50);padding-bottom:200px;padding-left:var(--wp--preset--spacing--50);min-height:100vh\"><img class=\"wp-block-cover__image-background wp-image-48 size-large\" alt=\"\" src=\"http:\/\/casaerl.it\/wp-content\/uploads\/2025\/05\/IMG-20240504-WA0005-768x1024.jpg\" data-object-fit=\"cover\"\/><span aria-hidden=\"true\" class=\"wp-block-cover__background has-background-dim-10 has-background-dim\" style=\"background-color:#5f7fa9\"><\/span><div class=\"wp-block-cover__inner-container\"><!-- wp:heading {\"textAlign\":\"center\",\"level\":3,\"fontSize\":\"xx-large\"} -->\n<h3 class=\"wp-block-heading has-text-align-center has-xx-large-font-size\">Qualcosa di grandioso \u00e8 in arrivo<\/h3>\n<!-- \/wp:heading -->\n\n<!-- wp:paragraph {\"align\":\"center\"} -->\n<p class=\"has-text-align-center\">Immagina di essere in vacanza, immagina di essere gi\u00e0 a Casa Er&amp;L<\/p>\n<!-- \/wp:paragraph -->\n\n<!-- wp:buttons {\"layout\":{\"type\":\"flex\",\"justifyContent\":\"center\"}} -->\n<div class=\"wp-block-buttons\"><!-- wp:button {\"backgroundColor\":\"accent-1\",\"textColor\":\"contrast\",\"className\":\"is-style-fill\",\"style\":{\"elements\":{\"link\":{\"color\":{\"text\":\"var:preset|color|contrast\"}}}},\"borderColor\":\"accent-1\"} -->\n<div class=\"wp-block-button is-style-fill\"><a class=\"wp-block-button__link has-contrast-color has-accent-1-background-color has-text-color has-background has-link-color has-border-color has-accent-1-border-color wp-element-button\">Abbonati<\/a><\/div>\n<!-- \/wp:button --><\/div>\n<!-- \/wp:buttons --><\/div><\/div>\n<!-- \/wp:cover -->","_et_gb_content_width":"","footnotes":""},"class_list":["post-369","page","type-page","status-publish","hentry"],"_links":{"self":[{"href":"https:\/\/casaerl.it\/index.php\/wp-json\/wp\/v2\/pages\/369","targetHints":{"allow":["GET"]}}],"collection":[{"href":"https:\/\/casaerl.it\/index.php\/wp-json\/wp\/v2\/pages"}],"about":[{"href":"https:\/\/casaerl.it\/index.php\/wp-json\/wp\/v2\/types\/page"}],"author":[{"embeddable":true,"href":"https:\/\/casaerl.it\/index.php\/wp-json\/wp\/v2\/users\/1"}],"replies":[{"embeddable":true,"href":"https:\/\/casaerl.it\/index.php\/wp-json\/wp\/v2\/comments?post=369"}],"version-history":[{"count":47,"href":"https:\/\/casaerl.it\/index.php\/wp-json\/wp\/v2\/pages\/369\/revisions"}],"predecessor-version":[{"id":1091,"href":"https:\/\/casaerl.it\/index.php\/wp-json\/wp\/v2\/pages\/369\/revisions\/1091"}],"wp:attachment":[{"href":"https:\/\/casaerl.it\/index.php\/wp-json\/wp\/v2\/media?parent=369"}],"curies":[{"name":"wp","href":"https:\/\/api.w.org\/{rel}","templated":true}]}}